{"id":688,"date":"2020-06-03T00:08:15","date_gmt":"2020-06-02T22:08:15","guid":{"rendered":"https:\/\/www.vulkangumabelt.com\/production-program-for-sieves-of-rubber-and-mill-veneers\/"},"modified":"2020-06-03T00:08:16","modified_gmt":"2020-06-02T22:08:16","slug":"production-program-for-sieves-of-rubber-and-mill-veneers","status":"publish","type":"page","link":"https:\/\/www.vulkangumabelt.com\/en\/production-program-for-sieves-of-rubber-and-mill-veneers\/","title":{"rendered":"Production program for sieves of rubber and mill veneers"},"content":{"rendered":"<div class=\"wp-bootstrap-blocks-row row\">\n\t\n\n<div class=\"col-12\">\n\t\t\t\n\n<h2 class=\"has-text-align-center mb-5 wp-block-heading\">Rubber sieves<\/h2>\n\n\t<\/div>\n\n\n\n<div class=\"col-12 col-md-5\">\n\t\t\t\n\n<p>The products are intended for use in mining, construction, chemical, and other industries.<\/p>\n\n\n\n<p><strong>Rubber sieves<\/strong> used for screening of bulk materials and the separation of fractions various sizes.<\/p>\n\n\n\n<p>Dimensions sieve are developed and adapted to customer requirements and the type of material sieved.<\/p>\n\n\n\n<p>We produce <strong>sieve<\/strong>, if necessary, with or without reinforcement (fabric, wires, metal &#8230; etc). <\/p>\n\n\t<\/div>\n\n\n\n<div class=\"col-12 col-md-3\">\n\t\t\t\n\n<div class=\"wp-block-image\"><figure class=\"aligncenter size-medium\"><img loading=\"lazy\" decoding=\"async\" width=\"248\" height=\"300\" src=\"https:\/\/www.vulkangumabelt.com\/wp-content\/uploads\/2020\/02\/sito-od-gume-248x300.jpg\" alt=\"Rubber sieves\" class=\"wp-image-383\" srcset=\"https:\/\/www.vulkangumabelt.com\/wp-content\/uploads\/2020\/02\/sito-od-gume-248x300.jpg 248w, https:\/\/www.vulkangumabelt.com\/wp-content\/uploads\/2020\/02\/sito-od-gume.jpg 463w\" sizes=\"(max-width: 248px) 100vw, 248px\" \/><figcaption>Rubber sieves<\/figcaption><\/figure><\/div>\n\n\t<\/div>\n\n\n\n<div class=\"col-12 col-md-4\">\n\t\t\t\n\n<figure class=\"wp-block-image size-large\"><img loading=\"lazy\" decoding=\"async\" width=\"716\" height=\"559\" src=\"https:\/\/www.vulkangumabelt.com\/wp-content\/uploads\/2020\/02\/sita-od-gume.jpg\" alt=\"Rubber sieves\" class=\"wp-image-384\" srcset=\"https:\/\/www.vulkangumabelt.com\/wp-content\/uploads\/2020\/02\/sita-od-gume.jpg 716w, https:\/\/www.vulkangumabelt.com\/wp-content\/uploads\/2020\/02\/sita-od-gume-300x234.jpg 300w\" sizes=\"(max-width: 716px) 100vw, 716px\" \/><figcaption>Rubber sieves in use<\/figcaption><\/figure>\n\n\t<\/div>\n\n\n\n<div class=\"col-12\">\n\t\t\t\n\n<div id=\"table-scroll\" class=\"table-scroll\">\n  <table id=\"main-table\" class=\"main-table\">\n    <tbody>\n      <tr>\n        <th> Item number<\/th>\n        <td>  74541  <\/td>\n        <td>  74542  <\/td>\n        <td>  74543  <\/td>\n        <td>  74544  <\/td>\n        <td>  74545  <\/td>\n        <td>  74546  <\/td>\n        <td>  74547  <\/td>\n        <td>  74548  <\/td>\n        <td>  74549  <\/td>\n        <td>  74550  <\/td>\n        <td>  74551  <\/td>\n      <\/tr>\n      <tr>\n        <th> Dimension of the lid (mm) <\/th>\n        <td>  10  <\/td>\n        <td>  15  <\/td>\n        <td>  20  <\/td>\n        <td>  25  <\/td>\n        <td>  30  <\/td>\n        <td>  40  <\/td>\n        <td>  50  <\/td>\n        <td>  65  <\/td>\n        <td>  80  <\/td>\n        <td>  100  <\/td>\n        <td>  150  <\/td>\n      <\/tr>\n      <tr>\n        <th> Granule size (mm)<\/th>\n        <td>  8.5-9.0  <\/td>\n        <td>  12,0-13.5  <\/td>\n        <td>  17,5-18.5  <\/td>\n        <td>  22,0-23,0  <\/td>\n        <td>  26,5-27.5  <\/td>\n        <td>  36.0-38.0  <\/td>\n        <td>  47,0-49,0  <\/td>\n        <td>  57.0-60.0  <\/td>\n        <td>  70.0-74,0  <\/td>\n        <td>  89,0-92,0  <\/td>\n        <td>  135.0-145,0  <\/td>\n      <\/tr>\n \n    <\/tbody>\n<\/table>\n<\/div>\n\n\t<\/div>\n\n<\/div>\n<div class=\"wp-bootstrap-blocks-row row\">\n\t\n\n<div class=\"col-12\">\n\t\t\t\n\n<h2 class=\"has-text-align-center my-5 wp-block-heading\">Mill veneers<\/h2>\n\n\t<\/div>\n\n\n\n<div class=\"col-12 col-md-4\">\n\t\t\t\n\n<p><strong>Coating mill<\/strong> rubber lining is made of high anti-abrasive rubber lining. The segments of the various types of mills of different manufacturers. <\/p>\n\n\n\n<p><strong>Coating mills<\/strong> is performed in accordance with the specific request of the customer and chemical composition. <\/p>\n\n\t<\/div>\n\n\n\n<div class=\"col-12 col-md-4\">\n\t\t\t\n\n<figure class=\"wp-block-image size-large\"><img loading=\"lazy\" decoding=\"async\" width=\"728\" height=\"840\" src=\"https:\/\/www.vulkangumabelt.com\/wp-content\/uploads\/2020\/02\/oblaganje-mlinova-antiabrazivnim-segmentima.jpg\" alt=\"Mill veneers\" class=\"wp-image-393\" srcset=\"https:\/\/www.vulkangumabelt.com\/wp-content\/uploads\/2020\/02\/oblaganje-mlinova-antiabrazivnim-segmentima.jpg 728w, https:\/\/www.vulkangumabelt.com\/wp-content\/uploads\/2020\/02\/oblaganje-mlinova-antiabrazivnim-segmentima-260x300.jpg 260w\" sizes=\"(max-width: 728px) 100vw, 728px\" \/><figcaption>Mill veneers<\/figcaption><\/figure>\n\n\t<\/div>\n\n\n\n<div class=\"col-12 col-md-4\">\n\t\t\t\n\n<figure class=\"wp-block-image size-large\"><img loading=\"lazy\" decoding=\"async\" width=\"696\" height=\"823\" src=\"https:\/\/www.vulkangumabelt.com\/wp-content\/uploads\/2020\/02\/oblaganje-mlinova.jpg\" alt=\"Mill veneers 2\" class=\"wp-image-394\" srcset=\"https:\/\/www.vulkangumabelt.com\/wp-content\/uploads\/2020\/02\/oblaganje-mlinova.jpg 696w, https:\/\/www.vulkangumabelt.com\/wp-content\/uploads\/2020\/02\/oblaganje-mlinova-254x300.jpg 254w\" sizes=\"(max-width: 696px) 100vw, 696px\" \/><figcaption>Mill veneers 2<\/figcaption><\/figure>\n\n\t<\/div>\n\n\n\n<div class=\"col-12 col-md-3\">\n\t\t\t\n\n<figure class=\"wp-block-image size-medium\"><img loading=\"lazy\" decoding=\"async\" width=\"300\" height=\"238\" src=\"https:\/\/www.vulkangumabelt.com\/wp-content\/uploads\/2020\/02\/oblaganje-mlinova-segment-300x238.jpg\" alt=\"Segment Mill veneers\" class=\"wp-image-398\" srcset=\"https:\/\/www.vulkangumabelt.com\/wp-content\/uploads\/2020\/02\/oblaganje-mlinova-segment-300x238.jpg 300w, https:\/\/www.vulkangumabelt.com\/wp-content\/uploads\/2020\/02\/oblaganje-mlinova-segment.jpg 700w\" sizes=\"(max-width: 300px) 100vw, 300px\" \/><figcaption>Segment Mill veneers<\/figcaption><\/figure>\n\n\t<\/div>\n\n\n\n<div class=\"col-12 col-md-4\">\n\t\t\t\n\n<figure class=\"wp-block-image size-large\"><img loading=\"lazy\" decoding=\"async\" width=\"600\" height=\"302\" src=\"https:\/\/www.vulkangumabelt.com\/wp-content\/uploads\/2020\/02\/oblaganje-mlinova-presek-segmenta.jpg\" alt=\"\" class=\"wp-image-399\" srcset=\"https:\/\/www.vulkangumabelt.com\/wp-content\/uploads\/2020\/02\/oblaganje-mlinova-presek-segmenta.jpg 600w, https:\/\/www.vulkangumabelt.com\/wp-content\/uploads\/2020\/02\/oblaganje-mlinova-presek-segmenta-300x151.jpg 300w\" sizes=\"(max-width: 600px) 100vw, 600px\" \/><\/figure>\n\n\t<\/div>\n\n\n\n<div class=\"col-12 col-md-5\">\n\t\t\t\n\n<figure class=\"wp-block-image size-large\"><img loading=\"lazy\" decoding=\"async\" width=\"600\" height=\"285\" src=\"https:\/\/www.vulkangumabelt.com\/wp-content\/uploads\/2020\/02\/oblaganje-mlinova-primer-gume.jpg\" alt=\"\" class=\"wp-image-400\" srcset=\"https:\/\/www.vulkangumabelt.com\/wp-content\/uploads\/2020\/02\/oblaganje-mlinova-primer-gume.jpg 600w, https:\/\/www.vulkangumabelt.com\/wp-content\/uploads\/2020\/02\/oblaganje-mlinova-primer-gume-300x143.jpg 300w\" sizes=\"(max-width: 600px) 100vw, 600px\" \/><\/figure>\n\n\t<\/div>\n\n<\/div>\n<div class=\"wp-bootstrap-blocks-row row ctabox\">\n\t\n\n<div class=\"col-12 col-md-6\">\n\t\t\t\n\n<p class=\"has-text-align-center has-large-font-size text-primary\"><strong>Send an inquiry with your needs!<\/strong><\/p>\n\n\n\n<p class=\"has-text-align-center\">We will do our best to meet all your requirements. If you need more information <a href=\"\/?page_id=240\">contact us<\/a> before sending an inquiry.<\/p>\n\n\t<\/div>\n\n\n\n<div class=\"col-12 col-md-6\">\n\t\t\t\n<div class=\"wp-bootstrap-blocks-button text-center\">\n\t<a\n\t\thref=\"https:\/\/www.vulkangumabelt.com\/upitnik-za-izradu-ponude\/\"\n\t\t\t\t\t\tclass=\"btn mt-5 btn-primary\"\n\t>\n\t\tSend an inquiry\t<\/a>\n<\/div>\n\n\t<\/div>\n\n<\/div>\n","protected":false},"excerpt":{"rendered":"<p> [&#8230;]<\/p>\n<p><a class=\"btn btn-secondary understrap-read-more-link\" href=\"https:\/\/www.vulkangumabelt.com\/en\/production-program-for-sieves-of-rubber-and-mill-veneers\/\">Read More&#8230;<\/a><\/p>\n","protected":false},"author":1,"featured_media":0,"parent":0,"menu_order":0,"comment_status":"closed","ping_status":"closed","template":"","meta":{"_acf_changed":false,"_monsterinsights_skip_tracking":false,"_monsterinsights_sitenote_active":false,"_monsterinsights_sitenote_note":"","_monsterinsights_sitenote_category":0,"footnotes":""},"acf":[],"yoast_head":"<!-- This site is optimized with the Yoast SEO plugin v23.5 - https:\/\/yoast.com\/wordpress\/plugins\/seo\/ -->\n<title>Production program for sieves of rubber and mill veneers - Vulkan Guma-Belt - Rubber Company<\/title>\n<meta name=\"robots\" content=\"index, follow, max-snippet:-1, max-image-preview:large, max-video-preview:-1\" \/>\n<link rel=\"canonical\" href=\"https:\/\/www.vulkangumabelt.com\/en\/production-program-for-sieves-of-rubber-and-mill-veneers\/\" \/>\n<meta property=\"og:locale\" content=\"en_US\" \/>\n<meta property=\"og:type\" content=\"article\" \/>\n<meta property=\"og:title\" content=\"Production program for sieves of rubber and mill veneers - Vulkan Guma-Belt - Rubber Company\" \/>\n<meta property=\"og:description\" content=\"[...]Read More...\" \/>\n<meta property=\"og:url\" content=\"https:\/\/www.vulkangumabelt.com\/en\/production-program-for-sieves-of-rubber-and-mill-veneers\/\" \/>\n<meta property=\"og:site_name\" content=\"Vulkan Guma-Belt - Rubber Company\" \/>\n<meta property=\"article:modified_time\" content=\"2020-06-02T22:08:16+00:00\" \/>\n<meta property=\"og:image\" content=\"https:\/\/www.vulkangumabelt.com\/wp-content\/uploads\/2020\/02\/sito-od-gume-248x300.jpg\" \/>\n<meta name=\"twitter:card\" content=\"summary_large_image\" \/>\n<meta name=\"twitter:label1\" content=\"Est. reading time\" \/>\n\t<meta name=\"twitter:data1\" content=\"1 minute\" \/>\n<script type=\"application\/ld+json\" class=\"yoast-schema-graph\">{\"@context\":\"https:\/\/schema.org\",\"@graph\":[{\"@type\":\"WebPage\",\"@id\":\"https:\/\/www.vulkangumabelt.com\/en\/production-program-for-sieves-of-rubber-and-mill-veneers\/\",\"url\":\"https:\/\/www.vulkangumabelt.com\/en\/production-program-for-sieves-of-rubber-and-mill-veneers\/\",\"name\":\"Production program for sieves of rubber and mill veneers - Vulkan Guma-Belt - Rubber Company\",\"isPartOf\":{\"@id\":\"https:\/\/www.vulkangumabelt.com\/en\/#website\"},\"primaryImageOfPage\":{\"@id\":\"https:\/\/www.vulkangumabelt.com\/en\/production-program-for-sieves-of-rubber-and-mill-veneers\/#primaryimage\"},\"image\":{\"@id\":\"https:\/\/www.vulkangumabelt.com\/en\/production-program-for-sieves-of-rubber-and-mill-veneers\/#primaryimage\"},\"thumbnailUrl\":\"https:\/\/www.vulkangumabelt.com\/wp-content\/uploads\/2020\/02\/sito-od-gume-248x300.jpg\",\"datePublished\":\"2020-06-02T22:08:15+00:00\",\"dateModified\":\"2020-06-02T22:08:16+00:00\",\"breadcrumb\":{\"@id\":\"https:\/\/www.vulkangumabelt.com\/en\/production-program-for-sieves-of-rubber-and-mill-veneers\/#breadcrumb\"},\"inLanguage\":\"en-US\",\"potentialAction\":[{\"@type\":\"ReadAction\",\"target\":[\"https:\/\/www.vulkangumabelt.com\/en\/production-program-for-sieves-of-rubber-and-mill-veneers\/\"]}]},{\"@type\":\"ImageObject\",\"inLanguage\":\"en-US\",\"@id\":\"https:\/\/www.vulkangumabelt.com\/en\/production-program-for-sieves-of-rubber-and-mill-veneers\/#primaryimage\",\"url\":\"https:\/\/www.vulkangumabelt.com\/wp-content\/uploads\/2020\/02\/sito-od-gume-248x300.jpg\",\"contentUrl\":\"https:\/\/www.vulkangumabelt.com\/wp-content\/uploads\/2020\/02\/sito-od-gume-248x300.jpg\"},{\"@type\":\"BreadcrumbList\",\"@id\":\"https:\/\/www.vulkangumabelt.com\/en\/production-program-for-sieves-of-rubber-and-mill-veneers\/#breadcrumb\",\"itemListElement\":[{\"@type\":\"ListItem\",\"position\":1,\"name\":\"Po\u010detna\",\"item\":\"https:\/\/www.vulkangumabelt.com\/en\/\"},{\"@type\":\"ListItem\",\"position\":2,\"name\":\"Production program for sieves of rubber and mill veneers\"}]},{\"@type\":\"WebSite\",\"@id\":\"https:\/\/www.vulkangumabelt.com\/en\/#website\",\"url\":\"https:\/\/www.vulkangumabelt.com\/en\/\",\"name\":\"Vulkan Guma-Belt - Rubber Company\",\"description\":\"\u0160TITIMO I PRODU\u017dAVAMO VEK TRAJANJA VA\u0160E TRANSPORTNE TRAKE\",\"publisher\":{\"@id\":\"https:\/\/www.vulkangumabelt.com\/en\/#organization\"},\"potentialAction\":[{\"@type\":\"SearchAction\",\"target\":{\"@type\":\"EntryPoint\",\"urlTemplate\":\"https:\/\/www.vulkangumabelt.com\/en\/?s={search_term_string}\"},\"query-input\":{\"@type\":\"PropertyValueSpecification\",\"valueRequired\":true,\"valueName\":\"search_term_string\"}}],\"inLanguage\":\"en-US\"},{\"@type\":\"Organization\",\"@id\":\"https:\/\/www.vulkangumabelt.com\/en\/#organization\",\"name\":\"Vulkan Guma Belt\",\"url\":\"https:\/\/www.vulkangumabelt.com\/en\/\",\"logo\":{\"@type\":\"ImageObject\",\"inLanguage\":\"en-US\",\"@id\":\"https:\/\/www.vulkangumabelt.com\/en\/#\/schema\/logo\/image\/\",\"url\":\"https:\/\/www.vulkangumabelt.com\/wp-content\/uploads\/2020\/04\/logoe.png\",\"contentUrl\":\"https:\/\/www.vulkangumabelt.com\/wp-content\/uploads\/2020\/04\/logoe.png\",\"width\":503,\"height\":393,\"caption\":\"Vulkan Guma Belt\"},\"image\":{\"@id\":\"https:\/\/www.vulkangumabelt.com\/en\/#\/schema\/logo\/image\/\"}}]}<\/script>\n<!-- \/ Yoast SEO plugin. -->","yoast_head_json":{"title":"Production program for sieves of rubber and mill veneers - Vulkan Guma-Belt - Rubber Company","robots":{"index":"index","follow":"follow","max-snippet":"max-snippet:-1","max-image-preview":"max-image-preview:large","max-video-preview":"max-video-preview:-1"},"canonical":"https:\/\/www.vulkangumabelt.com\/en\/production-program-for-sieves-of-rubber-and-mill-veneers\/","og_locale":"en_US","og_type":"article","og_title":"Production program for sieves of rubber and mill veneers - Vulkan Guma-Belt - Rubber Company","og_description":"[...]Read More...","og_url":"https:\/\/www.vulkangumabelt.com\/en\/production-program-for-sieves-of-rubber-and-mill-veneers\/","og_site_name":"Vulkan Guma-Belt - Rubber Company","article_modified_time":"2020-06-02T22:08:16+00:00","og_image":[{"url":"https:\/\/www.vulkangumabelt.com\/wp-content\/uploads\/2020\/02\/sito-od-gume-248x300.jpg"}],"twitter_card":"summary_large_image","twitter_misc":{"Est. reading time":"1 minute"},"schema":{"@context":"https:\/\/schema.org","@graph":[{"@type":"WebPage","@id":"https:\/\/www.vulkangumabelt.com\/en\/production-program-for-sieves-of-rubber-and-mill-veneers\/","url":"https:\/\/www.vulkangumabelt.com\/en\/production-program-for-sieves-of-rubber-and-mill-veneers\/","name":"Production program for sieves of rubber and mill veneers - Vulkan Guma-Belt - Rubber Company","isPartOf":{"@id":"https:\/\/www.vulkangumabelt.com\/en\/#website"},"primaryImageOfPage":{"@id":"https:\/\/www.vulkangumabelt.com\/en\/production-program-for-sieves-of-rubber-and-mill-veneers\/#primaryimage"},"image":{"@id":"https:\/\/www.vulkangumabelt.com\/en\/production-program-for-sieves-of-rubber-and-mill-veneers\/#primaryimage"},"thumbnailUrl":"https:\/\/www.vulkangumabelt.com\/wp-content\/uploads\/2020\/02\/sito-od-gume-248x300.jpg","datePublished":"2020-06-02T22:08:15+00:00","dateModified":"2020-06-02T22:08:16+00:00","breadcrumb":{"@id":"https:\/\/www.vulkangumabelt.com\/en\/production-program-for-sieves-of-rubber-and-mill-veneers\/#breadcrumb"},"inLanguage":"en-US","potentialAction":[{"@type":"ReadAction","target":["https:\/\/www.vulkangumabelt.com\/en\/production-program-for-sieves-of-rubber-and-mill-veneers\/"]}]},{"@type":"ImageObject","inLanguage":"en-US","@id":"https:\/\/www.vulkangumabelt.com\/en\/production-program-for-sieves-of-rubber-and-mill-veneers\/#primaryimage","url":"https:\/\/www.vulkangumabelt.com\/wp-content\/uploads\/2020\/02\/sito-od-gume-248x300.jpg","contentUrl":"https:\/\/www.vulkangumabelt.com\/wp-content\/uploads\/2020\/02\/sito-od-gume-248x300.jpg"},{"@type":"BreadcrumbList","@id":"https:\/\/www.vulkangumabelt.com\/en\/production-program-for-sieves-of-rubber-and-mill-veneers\/#breadcrumb","itemListElement":[{"@type":"ListItem","position":1,"name":"Po\u010detna","item":"https:\/\/www.vulkangumabelt.com\/en\/"},{"@type":"ListItem","position":2,"name":"Production program for sieves of rubber and mill veneers"}]},{"@type":"WebSite","@id":"https:\/\/www.vulkangumabelt.com\/en\/#website","url":"https:\/\/www.vulkangumabelt.com\/en\/","name":"Vulkan Guma-Belt - Rubber Company","description":"\u0160TITIMO I PRODU\u017dAVAMO VEK TRAJANJA VA\u0160E TRANSPORTNE TRAKE","publisher":{"@id":"https:\/\/www.vulkangumabelt.com\/en\/#organization"},"potentialAction":[{"@type":"SearchAction","target":{"@type":"EntryPoint","urlTemplate":"https:\/\/www.vulkangumabelt.com\/en\/?s={search_term_string}"},"query-input":{"@type":"PropertyValueSpecification","valueRequired":true,"valueName":"search_term_string"}}],"inLanguage":"en-US"},{"@type":"Organization","@id":"https:\/\/www.vulkangumabelt.com\/en\/#organization","name":"Vulkan Guma Belt","url":"https:\/\/www.vulkangumabelt.com\/en\/","logo":{"@type":"ImageObject","inLanguage":"en-US","@id":"https:\/\/www.vulkangumabelt.com\/en\/#\/schema\/logo\/image\/","url":"https:\/\/www.vulkangumabelt.com\/wp-content\/uploads\/2020\/04\/logoe.png","contentUrl":"https:\/\/www.vulkangumabelt.com\/wp-content\/uploads\/2020\/04\/logoe.png","width":503,"height":393,"caption":"Vulkan Guma Belt"},"image":{"@id":"https:\/\/www.vulkangumabelt.com\/en\/#\/schema\/logo\/image\/"}}]}},"_links":{"self":[{"href":"https:\/\/www.vulkangumabelt.com\/en\/wp-json\/wp\/v2\/pages\/688"}],"collection":[{"href":"https:\/\/www.vulkangumabelt.com\/en\/wp-json\/wp\/v2\/pages"}],"about":[{"href":"https:\/\/www.vulkangumabelt.com\/en\/wp-json\/wp\/v2\/types\/page"}],"author":[{"embeddable":true,"href":"https:\/\/www.vulkangumabelt.com\/en\/wp-json\/wp\/v2\/users\/1"}],"replies":[{"embeddable":true,"href":"https:\/\/www.vulkangumabelt.com\/en\/wp-json\/wp\/v2\/comments?post=688"}],"version-history":[{"count":1,"href":"https:\/\/www.vulkangumabelt.com\/en\/wp-json\/wp\/v2\/pages\/688\/revisions"}],"predecessor-version":[{"id":689,"href":"https:\/\/www.vulkangumabelt.com\/en\/wp-json\/wp\/v2\/pages\/688\/revisions\/689"}],"wp:attachment":[{"href":"https:\/\/www.vulkangumabelt.com\/en\/wp-json\/wp\/v2\/media?parent=688"}],"curies":[{"name":"wp","href":"https:\/\/api.w.org\/{rel}","templated":true}]}}