{"id":690,"date":"2020-06-03T22:39:12","date_gmt":"2020-06-03T20:39:12","guid":{"rendered":"https:\/\/www.vulkangumabelt.com\/technical-rubber-merchandise\/"},"modified":"2020-06-03T22:39:13","modified_gmt":"2020-06-03T20:39:13","slug":"technical-rubber-merchandise","status":"publish","type":"page","link":"https:\/\/www.vulkangumabelt.com\/en\/technical-rubber-merchandise\/","title":{"rendered":"Technical rubber merchandise"},"content":{"rendered":"<div class=\"wp-bootstrap-blocks-row row\">\n\t\n\n<div class=\"col-12 col-md-6\">\n\t\t\t\n\n<p><strong>Technical rubber merchandise<\/strong> is intended for the wide market needs.<\/p>\n\n\n\n<p>Categorized by functionality in eight subgroups:<\/p>\n\n\n\n<ol><li><strong>Rubber coating of operating, tightening and load-bearing rollers conveyors<\/strong> and <strong>metal rubber coating<\/strong>.<\/li><li><strong>Continuous rubber wipers and side curtains of conveyor belts<\/strong> are made of various materials according to customer requirements.<\/li><li><strong>Feedback, worm and dedicated carrier roller conveyor.<\/strong><\/li><li><strong>Manufacture of rubber parts in tools to customer requirements.<\/strong><\/li><li><strong>Production of technical rubber goods confectioning, moulding and vulcanization by autoclaving.<\/strong><\/li><li><strong>Coupling gear unit electric motors.<\/strong><\/li><li><strong>Sealing rings for butterfly and ball valves and membrane.<\/strong><\/li><li><strong>Development and manufacturing of tools.<\/strong><\/li><\/ol>\n\n\t<\/div>\n\n\n\n<div class=\"col-12 col-md-6\">\n\t\t\t\n\n<figure class=\"wp-block-image size-large\"><img loading=\"lazy\" decoding=\"async\" width=\"1024\" height=\"457\" src=\"https:\/\/www.vulkangumabelt.com\/wp-content\/uploads\/2020\/02\/Oblaganje-usipnih-koseva-i-bunkera-gumom-1024x457.jpg\" alt=\"Coating hoppers and bunkers with rubber\" class=\"wp-image-410\" srcset=\"https:\/\/www.vulkangumabelt.com\/wp-content\/uploads\/2020\/02\/Oblaganje-usipnih-koseva-i-bunkera-gumom-1024x457.jpg 1024w, https:\/\/www.vulkangumabelt.com\/wp-content\/uploads\/2020\/02\/Oblaganje-usipnih-koseva-i-bunkera-gumom-300x134.jpg 300w, https:\/\/www.vulkangumabelt.com\/wp-content\/uploads\/2020\/02\/Oblaganje-usipnih-koseva-i-bunkera-gumom-768x343.jpg 768w, https:\/\/www.vulkangumabelt.com\/wp-content\/uploads\/2020\/02\/Oblaganje-usipnih-koseva-i-bunkera-gumom.jpg 1051w\" sizes=\"(max-width: 1024px) 100vw, 1024px\" \/><figcaption>Coating hoppers and bunkers with rubber<\/figcaption><\/figure>\n\n\n\n<figure class=\"wp-block-image size-large\"><img loading=\"lazy\" decoding=\"async\" width=\"1024\" height=\"394\" src=\"https:\/\/www.vulkangumabelt.com\/wp-content\/uploads\/2020\/02\/Razna-gumeno-tehnicka-roba-1024x394.jpg\" alt=\"Various rubber technical goods\" class=\"wp-image-409\" srcset=\"https:\/\/www.vulkangumabelt.com\/wp-content\/uploads\/2020\/02\/Razna-gumeno-tehnicka-roba-1024x394.jpg 1024w, https:\/\/www.vulkangumabelt.com\/wp-content\/uploads\/2020\/02\/Razna-gumeno-tehnicka-roba-300x115.jpg 300w, https:\/\/www.vulkangumabelt.com\/wp-content\/uploads\/2020\/02\/Razna-gumeno-tehnicka-roba-768x296.jpg 768w, https:\/\/www.vulkangumabelt.com\/wp-content\/uploads\/2020\/02\/Razna-gumeno-tehnicka-roba.jpg 1055w\" sizes=\"(max-width: 1024px) 100vw, 1024px\" \/><figcaption>Various rubber technical goods<\/figcaption><\/figure>\n\n\t<\/div>\n\n<\/div>\n<div class=\"wp-bootstrap-blocks-row row\">\n\t\n\n<div class=\"col-12\">\n\t\t\t\n\n<h2 class=\"has-text-align-center wp-block-heading\">Wipers of rubber conveyor belts<\/h2>\n\n\t<\/div>\n\n\n\n<div class=\"col-12 col-md-6\">\n\t\t\t\n\n<p>Wipers are made as continuous and as the sandwich wipers. Continuously <strong>rubber wipers conveyor belts produced<\/strong> in sizes and quality to customer request.<br\/>Sandwich wipers are made of two components. Their features are:<\/p>\n\n\n\n<ol><li>Elasticity.<\/li><li>Quality cleaning without damaging the conveyor belt.<\/li><li>They are available in rolls in lengths per customer request, to thickness from 5mm to 40mm.<\/li><li>Abrasion resistance in comparison to the quality of the materials carried by conveyor.<\/li><\/ol>\n\n\t<\/div>\n\n\n\n<div class=\"col-12 col-md-6 mb-4\">\n\t\t\t\n\n<figure class=\"wp-block-image size-large\"><img loading=\"lazy\" decoding=\"async\" width=\"1024\" height=\"562\" src=\"https:\/\/www.vulkangumabelt.com\/wp-content\/uploads\/2020\/02\/gumeni-brisaci-transportnih-traka-1024x562.jpg\" alt=\"Rubber conveyor wipers\" class=\"wp-image-415\" srcset=\"https:\/\/www.vulkangumabelt.com\/wp-content\/uploads\/2020\/02\/gumeni-brisaci-transportnih-traka-1024x562.jpg 1024w, https:\/\/www.vulkangumabelt.com\/wp-content\/uploads\/2020\/02\/gumeni-brisaci-transportnih-traka-300x165.jpg 300w, https:\/\/www.vulkangumabelt.com\/wp-content\/uploads\/2020\/02\/gumeni-brisaci-transportnih-traka-768x421.jpg 768w, https:\/\/www.vulkangumabelt.com\/wp-content\/uploads\/2020\/02\/gumeni-brisaci-transportnih-traka.jpg 1070w\" sizes=\"(max-width: 1024px) 100vw, 1024px\" \/><figcaption>Rubber conveyor wipers<\/figcaption><\/figure>\n\n\t<\/div>\n\n<\/div>\n<div class=\"wp-bootstrap-blocks-row row\">\n\t\n\n<div class=\"col-12 col-md-4\">\n\t\t\t\n\n<h3 class=\"has-text-align-center wp-block-heading\">Production of rubber parts in the tools<\/h3>\n\n\n\n<p>Manufacturing rubber parts of tools is developed with the process of vulcanization, conventional pressing, injection able and transfer system according to the quality and specificity of rubber moulded part.<\/p>\n\n\t<\/div>\n\n\n\n<div class=\"col-12 col-md-4\">\n\t\t\t\n\n<h3 class=\"has-text-align-center wp-block-heading\">Joint reducers of electric motors<\/h3>\n\n\n\n<p>Elastic rubber coupling gear unit-electric motors, we process and adapt to the various types of special purpose materials of a certain quality. <\/p>\n\n\t<\/div>\n\n\n\n<div class=\"col-12 col-md-4\">\n\t\t\t\n\n<h3 class=\"has-text-align-center wp-block-heading\">Sealing rings for butterfly, vane valves and membranes<\/h3>\n\n\n\n<p class=\"mb-5\">Rubber sealing rings for butterfly valves and latches we make of materials made specifically for the process industry. They are made in the tools and confectioning to metal parts. Dimensions are adapted to customer requirements. <\/p>\n\n\t<\/div>\n\n\n\n<div class=\"col-12 col-md-3 align-items-end\">\n\t\t\t\n\n<figure class=\"wp-block-image size-medium text-center\"><img loading=\"lazy\" decoding=\"async\" width=\"300\" height=\"292\" src=\"https:\/\/www.vulkangumabelt.com\/wp-content\/uploads\/2020\/02\/oblaganje-metalnih-delova-300x292.jpg\" alt=\"Coating of metal parts\" class=\"wp-image-425\" srcset=\"https:\/\/www.vulkangumabelt.com\/wp-content\/uploads\/2020\/02\/oblaganje-metalnih-delova-300x292.jpg 300w, https:\/\/www.vulkangumabelt.com\/wp-content\/uploads\/2020\/02\/oblaganje-metalnih-delova.jpg 467w\" sizes=\"(max-width: 300px) 100vw, 300px\" \/><figcaption>Coating of metal parts<\/figcaption><\/figure>\n\n\t<\/div>\n\n\n\n<div class=\"col-12 col-md-3 align-items-end\">\n\t\t\t\n\n<figure class=\"wp-block-image size-medium text-center\"><img loading=\"lazy\" decoding=\"async\" width=\"300\" height=\"203\" src=\"https:\/\/www.vulkangumabelt.com\/wp-content\/uploads\/2020\/02\/gumeni-sendvic-brisac-300x203.jpg\" alt=\"Rubber sandwich wiper\" class=\"wp-image-426\" srcset=\"https:\/\/www.vulkangumabelt.com\/wp-content\/uploads\/2020\/02\/gumeni-sendvic-brisac-300x203.jpg 300w, https:\/\/www.vulkangumabelt.com\/wp-content\/uploads\/2020\/02\/gumeni-sendvic-brisac.jpg 565w\" sizes=\"(max-width: 300px) 100vw, 300px\" \/><figcaption>Rubber sandwich wiper<\/figcaption><\/figure>\n\n\t<\/div>\n\n\n\n<div class=\"col-12 col-md-3 align-items-end\">\n\t\t\t\n\n<figure class=\"wp-block-image size-medium text-center\"><img loading=\"lazy\" decoding=\"async\" width=\"300\" height=\"201\" src=\"https:\/\/www.vulkangumabelt.com\/wp-content\/uploads\/2020\/02\/gumeni-prstenovi-300x201.jpg\" alt=\"Rubber rings\" class=\"wp-image-427\" srcset=\"https:\/\/www.vulkangumabelt.com\/wp-content\/uploads\/2020\/02\/gumeni-prstenovi-300x201.jpg 300w, https:\/\/www.vulkangumabelt.com\/wp-content\/uploads\/2020\/02\/gumeni-prstenovi.jpg 579w\" sizes=\"(max-width: 300px) 100vw, 300px\" \/><figcaption>Rubber rings<\/figcaption><\/figure>\n\n\t<\/div>\n\n\n\n<div class=\"col-12 col-md-3 align-items-end\">\n\t\t\t\n\n<figure class=\"wp-block-image size-medium text-center\"><img loading=\"lazy\" decoding=\"async\" width=\"300\" height=\"236\" src=\"https:\/\/www.vulkangumabelt.com\/wp-content\/uploads\/2020\/02\/zaptivni-gumeni-prstenovi-300x236.jpg\" alt=\"Sealing rubber rings\" class=\"wp-image-428\" srcset=\"https:\/\/www.vulkangumabelt.com\/wp-content\/uploads\/2020\/02\/zaptivni-gumeni-prstenovi-300x236.jpg 300w, https:\/\/www.vulkangumabelt.com\/wp-content\/uploads\/2020\/02\/zaptivni-gumeni-prstenovi.jpg 491w\" sizes=\"(max-width: 300px) 100vw, 300px\" \/><figcaption>Sealing rubber rings<\/figcaption><\/figure>\n\n\t<\/div>\n\n<\/div>\n<div class=\"wp-bootstrap-blocks-row row ctabox\">\n\t\n\n<div class=\"col-12 col-md-6\">\n\t\t\t\n\n<p class=\"has-text-align-center has-large-font-size text-primary\"><strong>Send an inquiry with your needs!<\/strong><\/p>\n\n\n\n<p class=\"has-text-align-center\">We will do our best to meet all your requirements. If you need more information <a href=\"\/?page_id=240\">contact us<\/a> before sending an inquiry.<\/p>\n\n\t<\/div>\n\n\n\n<div class=\"col-12 col-md-6\">\n\t\t\t\n<div class=\"wp-bootstrap-blocks-button text-center\">\n\t<a\n\t\thref=\"https:\/\/www.vulkangumabelt.com\/upitnik-za-izradu-ponude\/\"\n\t\t\t\t\t\tclass=\"btn mt-5 btn-primary\"\n\t>\n\t\tSend an inquiry\t<\/a>\n<\/div>\n\n\t<\/div>\n\n<\/div>\n","protected":false},"excerpt":{"rendered":"<p> [&#8230;]<\/p>\n<p><a class=\"btn btn-secondary understrap-read-more-link\" href=\"https:\/\/www.vulkangumabelt.com\/en\/technical-rubber-merchandise\/\">Read More&#8230;<\/a><\/p>\n","protected":false},"author":1,"featured_media":0,"parent":0,"menu_order":0,"comment_status":"closed","ping_status":"closed","template":"","meta":{"_acf_changed":false,"_monsterinsights_skip_tracking":false,"_monsterinsights_sitenote_active":false,"_monsterinsights_sitenote_note":"","_monsterinsights_sitenote_category":0,"footnotes":""},"acf":[],"yoast_head":"<!-- This site is optimized with the Yoast SEO plugin v23.5 - https:\/\/yoast.com\/wordpress\/plugins\/seo\/ -->\n<title>Technical rubber merchandise - Vulkan Guma-Belt - Rubber Company<\/title>\n<meta name=\"robots\" content=\"index, follow, max-snippet:-1, max-image-preview:large, max-video-preview:-1\" \/>\n<link rel=\"canonical\" href=\"https:\/\/www.vulkangumabelt.com\/en\/technical-rubber-merchandise\/\" \/>\n<meta property=\"og:locale\" content=\"en_US\" \/>\n<meta property=\"og:type\" content=\"article\" \/>\n<meta property=\"og:title\" content=\"Technical rubber merchandise - Vulkan Guma-Belt - Rubber Company\" \/>\n<meta property=\"og:description\" content=\"[...]Read More...\" \/>\n<meta property=\"og:url\" content=\"https:\/\/www.vulkangumabelt.com\/en\/technical-rubber-merchandise\/\" \/>\n<meta property=\"og:site_name\" content=\"Vulkan Guma-Belt - Rubber Company\" \/>\n<meta property=\"article:modified_time\" content=\"2020-06-03T20:39:13+00:00\" \/>\n<meta property=\"og:image\" content=\"https:\/\/www.vulkangumabelt.com\/wp-content\/uploads\/2020\/02\/Oblaganje-usipnih-koseva-i-bunkera-gumom-1024x457.jpg\" \/>\n<meta name=\"twitter:card\" content=\"summary_large_image\" \/>\n<meta name=\"twitter:label1\" content=\"Est. reading time\" \/>\n\t<meta name=\"twitter:data1\" content=\"1 minute\" \/>\n<script type=\"application\/ld+json\" class=\"yoast-schema-graph\">{\"@context\":\"https:\/\/schema.org\",\"@graph\":[{\"@type\":\"WebPage\",\"@id\":\"https:\/\/www.vulkangumabelt.com\/en\/technical-rubber-merchandise\/\",\"url\":\"https:\/\/www.vulkangumabelt.com\/en\/technical-rubber-merchandise\/\",\"name\":\"Technical rubber merchandise - Vulkan Guma-Belt - Rubber Company\",\"isPartOf\":{\"@id\":\"https:\/\/www.vulkangumabelt.com\/en\/#website\"},\"primaryImageOfPage\":{\"@id\":\"https:\/\/www.vulkangumabelt.com\/en\/technical-rubber-merchandise\/#primaryimage\"},\"image\":{\"@id\":\"https:\/\/www.vulkangumabelt.com\/en\/technical-rubber-merchandise\/#primaryimage\"},\"thumbnailUrl\":\"https:\/\/www.vulkangumabelt.com\/wp-content\/uploads\/2020\/02\/Oblaganje-usipnih-koseva-i-bunkera-gumom-1024x457.jpg\",\"datePublished\":\"2020-06-03T20:39:12+00:00\",\"dateModified\":\"2020-06-03T20:39:13+00:00\",\"breadcrumb\":{\"@id\":\"https:\/\/www.vulkangumabelt.com\/en\/technical-rubber-merchandise\/#breadcrumb\"},\"inLanguage\":\"en-US\",\"potentialAction\":[{\"@type\":\"ReadAction\",\"target\":[\"https:\/\/www.vulkangumabelt.com\/en\/technical-rubber-merchandise\/\"]}]},{\"@type\":\"ImageObject\",\"inLanguage\":\"en-US\",\"@id\":\"https:\/\/www.vulkangumabelt.com\/en\/technical-rubber-merchandise\/#primaryimage\",\"url\":\"https:\/\/www.vulkangumabelt.com\/wp-content\/uploads\/2020\/02\/Oblaganje-usipnih-koseva-i-bunkera-gumom-1024x457.jpg\",\"contentUrl\":\"https:\/\/www.vulkangumabelt.com\/wp-content\/uploads\/2020\/02\/Oblaganje-usipnih-koseva-i-bunkera-gumom-1024x457.jpg\"},{\"@type\":\"BreadcrumbList\",\"@id\":\"https:\/\/www.vulkangumabelt.com\/en\/technical-rubber-merchandise\/#breadcrumb\",\"itemListElement\":[{\"@type\":\"ListItem\",\"position\":1,\"name\":\"Po\u010detna\",\"item\":\"https:\/\/www.vulkangumabelt.com\/en\/\"},{\"@type\":\"ListItem\",\"position\":2,\"name\":\"Technical rubber merchandise\"}]},{\"@type\":\"WebSite\",\"@id\":\"https:\/\/www.vulkangumabelt.com\/en\/#website\",\"url\":\"https:\/\/www.vulkangumabelt.com\/en\/\",\"name\":\"Vulkan Guma-Belt - Rubber Company\",\"description\":\"\u0160TITIMO I PRODU\u017dAVAMO VEK TRAJANJA VA\u0160E TRANSPORTNE TRAKE\",\"publisher\":{\"@id\":\"https:\/\/www.vulkangumabelt.com\/en\/#organization\"},\"potentialAction\":[{\"@type\":\"SearchAction\",\"target\":{\"@type\":\"EntryPoint\",\"urlTemplate\":\"https:\/\/www.vulkangumabelt.com\/en\/?s={search_term_string}\"},\"query-input\":{\"@type\":\"PropertyValueSpecification\",\"valueRequired\":true,\"valueName\":\"search_term_string\"}}],\"inLanguage\":\"en-US\"},{\"@type\":\"Organization\",\"@id\":\"https:\/\/www.vulkangumabelt.com\/en\/#organization\",\"name\":\"Vulkan Guma Belt\",\"url\":\"https:\/\/www.vulkangumabelt.com\/en\/\",\"logo\":{\"@type\":\"ImageObject\",\"inLanguage\":\"en-US\",\"@id\":\"https:\/\/www.vulkangumabelt.com\/en\/#\/schema\/logo\/image\/\",\"url\":\"https:\/\/www.vulkangumabelt.com\/wp-content\/uploads\/2020\/04\/logoe.png\",\"contentUrl\":\"https:\/\/www.vulkangumabelt.com\/wp-content\/uploads\/2020\/04\/logoe.png\",\"width\":503,\"height\":393,\"caption\":\"Vulkan Guma Belt\"},\"image\":{\"@id\":\"https:\/\/www.vulkangumabelt.com\/en\/#\/schema\/logo\/image\/\"}}]}<\/script>\n<!-- \/ Yoast SEO plugin. -->","yoast_head_json":{"title":"Technical rubber merchandise - Vulkan Guma-Belt - Rubber Company","robots":{"index":"index","follow":"follow","max-snippet":"max-snippet:-1","max-image-preview":"max-image-preview:large","max-video-preview":"max-video-preview:-1"},"canonical":"https:\/\/www.vulkangumabelt.com\/en\/technical-rubber-merchandise\/","og_locale":"en_US","og_type":"article","og_title":"Technical rubber merchandise - Vulkan Guma-Belt - Rubber Company","og_description":"[...]Read More...","og_url":"https:\/\/www.vulkangumabelt.com\/en\/technical-rubber-merchandise\/","og_site_name":"Vulkan Guma-Belt - Rubber Company","article_modified_time":"2020-06-03T20:39:13+00:00","og_image":[{"url":"https:\/\/www.vulkangumabelt.com\/wp-content\/uploads\/2020\/02\/Oblaganje-usipnih-koseva-i-bunkera-gumom-1024x457.jpg"}],"twitter_card":"summary_large_image","twitter_misc":{"Est. reading time":"1 minute"},"schema":{"@context":"https:\/\/schema.org","@graph":[{"@type":"WebPage","@id":"https:\/\/www.vulkangumabelt.com\/en\/technical-rubber-merchandise\/","url":"https:\/\/www.vulkangumabelt.com\/en\/technical-rubber-merchandise\/","name":"Technical rubber merchandise - Vulkan Guma-Belt - Rubber Company","isPartOf":{"@id":"https:\/\/www.vulkangumabelt.com\/en\/#website"},"primaryImageOfPage":{"@id":"https:\/\/www.vulkangumabelt.com\/en\/technical-rubber-merchandise\/#primaryimage"},"image":{"@id":"https:\/\/www.vulkangumabelt.com\/en\/technical-rubber-merchandise\/#primaryimage"},"thumbnailUrl":"https:\/\/www.vulkangumabelt.com\/wp-content\/uploads\/2020\/02\/Oblaganje-usipnih-koseva-i-bunkera-gumom-1024x457.jpg","datePublished":"2020-06-03T20:39:12+00:00","dateModified":"2020-06-03T20:39:13+00:00","breadcrumb":{"@id":"https:\/\/www.vulkangumabelt.com\/en\/technical-rubber-merchandise\/#breadcrumb"},"inLanguage":"en-US","potentialAction":[{"@type":"ReadAction","target":["https:\/\/www.vulkangumabelt.com\/en\/technical-rubber-merchandise\/"]}]},{"@type":"ImageObject","inLanguage":"en-US","@id":"https:\/\/www.vulkangumabelt.com\/en\/technical-rubber-merchandise\/#primaryimage","url":"https:\/\/www.vulkangumabelt.com\/wp-content\/uploads\/2020\/02\/Oblaganje-usipnih-koseva-i-bunkera-gumom-1024x457.jpg","contentUrl":"https:\/\/www.vulkangumabelt.com\/wp-content\/uploads\/2020\/02\/Oblaganje-usipnih-koseva-i-bunkera-gumom-1024x457.jpg"},{"@type":"BreadcrumbList","@id":"https:\/\/www.vulkangumabelt.com\/en\/technical-rubber-merchandise\/#breadcrumb","itemListElement":[{"@type":"ListItem","position":1,"name":"Po\u010detna","item":"https:\/\/www.vulkangumabelt.com\/en\/"},{"@type":"ListItem","position":2,"name":"Technical rubber merchandise"}]},{"@type":"WebSite","@id":"https:\/\/www.vulkangumabelt.com\/en\/#website","url":"https:\/\/www.vulkangumabelt.com\/en\/","name":"Vulkan Guma-Belt - Rubber Company","description":"\u0160TITIMO I PRODU\u017dAVAMO VEK TRAJANJA VA\u0160E TRANSPORTNE TRAKE","publisher":{"@id":"https:\/\/www.vulkangumabelt.com\/en\/#organization"},"potentialAction":[{"@type":"SearchAction","target":{"@type":"EntryPoint","urlTemplate":"https:\/\/www.vulkangumabelt.com\/en\/?s={search_term_string}"},"query-input":{"@type":"PropertyValueSpecification","valueRequired":true,"valueName":"search_term_string"}}],"inLanguage":"en-US"},{"@type":"Organization","@id":"https:\/\/www.vulkangumabelt.com\/en\/#organization","name":"Vulkan Guma Belt","url":"https:\/\/www.vulkangumabelt.com\/en\/","logo":{"@type":"ImageObject","inLanguage":"en-US","@id":"https:\/\/www.vulkangumabelt.com\/en\/#\/schema\/logo\/image\/","url":"https:\/\/www.vulkangumabelt.com\/wp-content\/uploads\/2020\/04\/logoe.png","contentUrl":"https:\/\/www.vulkangumabelt.com\/wp-content\/uploads\/2020\/04\/logoe.png","width":503,"height":393,"caption":"Vulkan Guma Belt"},"image":{"@id":"https:\/\/www.vulkangumabelt.com\/en\/#\/schema\/logo\/image\/"}}]}},"_links":{"self":[{"href":"https:\/\/www.vulkangumabelt.com\/en\/wp-json\/wp\/v2\/pages\/690"}],"collection":[{"href":"https:\/\/www.vulkangumabelt.com\/en\/wp-json\/wp\/v2\/pages"}],"about":[{"href":"https:\/\/www.vulkangumabelt.com\/en\/wp-json\/wp\/v2\/types\/page"}],"author":[{"embeddable":true,"href":"https:\/\/www.vulkangumabelt.com\/en\/wp-json\/wp\/v2\/users\/1"}],"replies":[{"embeddable":true,"href":"https:\/\/www.vulkangumabelt.com\/en\/wp-json\/wp\/v2\/comments?post=690"}],"version-history":[{"count":1,"href":"https:\/\/www.vulkangumabelt.com\/en\/wp-json\/wp\/v2\/pages\/690\/revisions"}],"predecessor-version":[{"id":691,"href":"https:\/\/www.vulkangumabelt.com\/en\/wp-json\/wp\/v2\/pages\/690\/revisions\/691"}],"wp:attachment":[{"href":"https:\/\/www.vulkangumabelt.com\/en\/wp-json\/wp\/v2\/media?parent=690"}],"curies":[{"name":"wp","href":"https:\/\/api.w.org\/{rel}","templated":true}]}}