{"id":693,"date":"2020-06-03T22:54:21","date_gmt":"2020-06-03T20:54:21","guid":{"rendered":"https:\/\/www.vulkangumabelt.com\/special-conveyor-belts\/"},"modified":"2020-06-03T22:54:22","modified_gmt":"2020-06-03T20:54:22","slug":"special-conveyor-belts","status":"publish","type":"page","link":"https:\/\/www.vulkangumabelt.com\/en\/special-conveyor-belts\/","title":{"rendered":"Special conveyor belts"},"content":{"rendered":"\n<h2 class=\"has-text-align-center wp-block-heading\">Harmonic conveyor belts<\/h2>\n<div class=\"wp-bootstrap-blocks-row row\">\n\t\n\n<div class=\"col-12 col-md-3\">\n\t\t\t\n\n<p>They are used to transfer inclined materials that are so steep that it usually happens that the material slides or rolls backwards.<\/p>\n\n\t<\/div>\n\n\n\n<div class=\"col-12 col-md-2\">\n\t\t\t\n\n<figure class=\"wp-block-image size-large\"><img loading=\"lazy\" decoding=\"async\" width=\"828\" height=\"1024\" src=\"https:\/\/www.vulkangumabelt.com\/wp-content\/uploads\/2020\/04\/harmonikaste-transportne-trake-828x1024.jpg\" alt=\"Harmonic conveyor belts\" class=\"wp-image-531\" srcset=\"https:\/\/www.vulkangumabelt.com\/wp-content\/uploads\/2020\/04\/harmonikaste-transportne-trake-828x1024.jpg 828w, https:\/\/www.vulkangumabelt.com\/wp-content\/uploads\/2020\/04\/harmonikaste-transportne-trake-243x300.jpg 243w, https:\/\/www.vulkangumabelt.com\/wp-content\/uploads\/2020\/04\/harmonikaste-transportne-trake-768x950.jpg 768w, https:\/\/www.vulkangumabelt.com\/wp-content\/uploads\/2020\/04\/harmonikaste-transportne-trake.jpg 841w\" sizes=\"(max-width: 828px) 100vw, 828px\" \/><\/figure>\n\n\t<\/div>\n\n\n\n<div class=\"col-12 col-md-3\">\n\t\t\t\n\n<p>The most common application for the conveyor:<\/p>\n\n\n\n<ul><li>grit<\/li><li>Sand<\/li><li>Coal<\/li><li>Limestone and limestone material<\/li><li>Terra<\/li><li>Other loose materials: corn, wheat<\/li><\/ul>\n\n\t<\/div>\n\n\n\n<div class=\"col-12 col-md-4\">\n\t\t\t\n\n<figure class=\"wp-block-image size-large\"><img loading=\"lazy\" decoding=\"async\" width=\"997\" height=\"587\" src=\"https:\/\/www.vulkangumabelt.com\/wp-content\/uploads\/2020\/04\/tipovi-harmonikastih-transportne-trake.jpg\" alt=\"\" class=\"wp-image-532\" srcset=\"https:\/\/www.vulkangumabelt.com\/wp-content\/uploads\/2020\/04\/tipovi-harmonikastih-transportne-trake.jpg 997w, https:\/\/www.vulkangumabelt.com\/wp-content\/uploads\/2020\/04\/tipovi-harmonikastih-transportne-trake-300x177.jpg 300w, https:\/\/www.vulkangumabelt.com\/wp-content\/uploads\/2020\/04\/tipovi-harmonikastih-transportne-trake-768x452.jpg 768w\" sizes=\"(max-width: 997px) 100vw, 997px\" \/><figcaption>Harmonic conveyor belts &#8211; types<\/figcaption><\/figure>\n\n\t<\/div>\n\n<\/div>\n\n<h2 class=\"has-text-align-center mt-5 wp-block-heading\">Ribbed conveyor belts<\/h2>\n<div class=\"wp-bootstrap-blocks-row row\">\n\t\n\n<div class=\"col-12 col-md-3\">\n\t\t\t\n\n<p>They are used to transfer inclined materials that are so steep that it usually happens that the material slides or rolls backwards.<\/p>\n\n\t<\/div>\n\n\n\n<div class=\"col-12 col-md-3\">\n\t\t\t\n\n<figure class=\"wp-block-image size-large\"><img loading=\"lazy\" decoding=\"async\" width=\"671\" height=\"813\" src=\"https:\/\/www.vulkangumabelt.com\/wp-content\/uploads\/2020\/04\/rebraste-transportne-trake.jpg\" alt=\"Ribbed conveyor belts\" class=\"wp-image-535\" srcset=\"https:\/\/www.vulkangumabelt.com\/wp-content\/uploads\/2020\/04\/rebraste-transportne-trake.jpg 671w, https:\/\/www.vulkangumabelt.com\/wp-content\/uploads\/2020\/04\/rebraste-transportne-trake-248x300.jpg 248w\" sizes=\"(max-width: 671px) 100vw, 671px\" \/><\/figure>\n\n\n\n<p><\/p>\n\n\t<\/div>\n\n\n\n<div class=\"col-12 col-md-6\">\n\t\t\t\n\n<div class=\"wp-block-image\"><figure class=\"aligncenter size-large\"><img loading=\"lazy\" decoding=\"async\" width=\"1024\" height=\"586\" src=\"https:\/\/www.vulkangumabelt.com\/wp-content\/uploads\/2020\/04\/rebraste-transportne-trake-2-1024x586.jpg\" alt=\"Ribbed conveyor belts - types\" class=\"wp-image-536\" srcset=\"https:\/\/www.vulkangumabelt.com\/wp-content\/uploads\/2020\/04\/rebraste-transportne-trake-2-1024x586.jpg 1024w, https:\/\/www.vulkangumabelt.com\/wp-content\/uploads\/2020\/04\/rebraste-transportne-trake-2-300x172.jpg 300w, https:\/\/www.vulkangumabelt.com\/wp-content\/uploads\/2020\/04\/rebraste-transportne-trake-2-768x440.jpg 768w, https:\/\/www.vulkangumabelt.com\/wp-content\/uploads\/2020\/04\/rebraste-transportne-trake-2.jpg 1135w\" sizes=\"(max-width: 1024px) 100vw, 1024px\" \/><figcaption>Ribbed conveyor belts<\/figcaption><\/figure><\/div>\n\n\t<\/div>\n\n<\/div>\n\n<h2 class=\"has-text-align-center mt-5 wp-block-heading\">Embossed conveyor belts<\/h2>\n<div class=\"wp-bootstrap-blocks-row row\">\n\t\n\n<div class=\"col-12 col-md-4\">\n\t\t\t\n\n<p>They are used for transport of packages, bags, crates and similar loads at an inclination angle of 18\u02da- 40\u02da<\/p>\n\n\t<\/div>\n\n\n\n<div class=\"col-12 col-md-2\">\n\t\t\t\n\n<figure class=\"wp-block-image size-large\"><img loading=\"lazy\" decoding=\"async\" width=\"429\" height=\"274\" src=\"https:\/\/www.vulkangumabelt.com\/wp-content\/uploads\/2020\/04\/reljefne-transportne-trake-krupna-riblja-kost.jpg\" alt=\"Embossed conveyor belts large herringbone\" class=\"wp-image-549\" srcset=\"https:\/\/www.vulkangumabelt.com\/wp-content\/uploads\/2020\/04\/reljefne-transportne-trake-krupna-riblja-kost.jpg 429w, https:\/\/www.vulkangumabelt.com\/wp-content\/uploads\/2020\/04\/reljefne-transportne-trake-krupna-riblja-kost-300x192.jpg 300w\" sizes=\"(max-width: 429px) 100vw, 429px\" \/><figcaption>Embossed conveyor belts large herringbone<\/figcaption><\/figure>\n\n\t<\/div>\n\n\n\n<div class=\"col-12 col-md-2\">\n\t\t\t\n\n<figure class=\"wp-block-image size-large\"><img loading=\"lazy\" decoding=\"async\" width=\"418\" height=\"274\" src=\"https:\/\/www.vulkangumabelt.com\/wp-content\/uploads\/2020\/04\/reljefne-transportne-trake-sitna-riblja-kost.jpg\" alt=\"Embossed conveyor belts small herringbone\" class=\"wp-image-551\" srcset=\"https:\/\/www.vulkangumabelt.com\/wp-content\/uploads\/2020\/04\/reljefne-transportne-trake-sitna-riblja-kost.jpg 418w, https:\/\/www.vulkangumabelt.com\/wp-content\/uploads\/2020\/04\/reljefne-transportne-trake-sitna-riblja-kost-300x197.jpg 300w\" sizes=\"(max-width: 418px) 100vw, 418px\" \/><figcaption>Embossed conveyor belts small herringbone<\/figcaption><\/figure>\n\n\t<\/div>\n\n\n\n<div class=\"col-12 col-md-2\">\n\t\t\t\n\n<figure class=\"wp-block-image size-large\"><img loading=\"lazy\" decoding=\"async\" width=\"418\" height=\"274\" src=\"https:\/\/www.vulkangumabelt.com\/wp-content\/uploads\/2020\/04\/reljefne-transportne-trake-romb.jpg\" alt=\"embossed conveyor belts - rhombus\" class=\"wp-image-550\" srcset=\"https:\/\/www.vulkangumabelt.com\/wp-content\/uploads\/2020\/04\/reljefne-transportne-trake-romb.jpg 418w, https:\/\/www.vulkangumabelt.com\/wp-content\/uploads\/2020\/04\/reljefne-transportne-trake-romb-300x197.jpg 300w\" sizes=\"(max-width: 418px) 100vw, 418px\" \/><figcaption>embossed conveyor belts &#8211; rhombus<\/figcaption><\/figure>\n\n\t<\/div>\n\n\n\n<div class=\"col-12 col-md-2\">\n\t\t\t\n\n<figure class=\"wp-block-image size-large\"><img loading=\"lazy\" decoding=\"async\" width=\"406\" height=\"274\" src=\"https:\/\/www.vulkangumabelt.com\/wp-content\/uploads\/2020\/04\/reljefne-transportne-trake-transilon.jpg\" alt=\"embossed conveyor belts - transilon\" class=\"wp-image-552\" srcset=\"https:\/\/www.vulkangumabelt.com\/wp-content\/uploads\/2020\/04\/reljefne-transportne-trake-transilon.jpg 406w, https:\/\/www.vulkangumabelt.com\/wp-content\/uploads\/2020\/04\/reljefne-transportne-trake-transilon-300x202.jpg 300w\" sizes=\"(max-width: 406px) 100vw, 406px\" \/><figcaption>embossed conveyor belts &#8211; transilon<\/figcaption><\/figure>\n\n\t<\/div>\n\n\n\n<div class=\"col-12\">\n\t\t\t\n\n<p><\/p>\n\n\t<\/div>\n\n<\/div>\n<div class=\"wp-bootstrap-blocks-row row ctabox\">\n\t\n\n<div class=\"col-12 col-md-6\">\n\t\t\t\n\n<p class=\"has-text-align-center has-large-font-size text-primary\"><strong>Send an inquiry with your needs!<\/strong><\/p>\n\n\n\n<p class=\"has-text-align-center\">We will do our best to meet all your requirements. If you need more information <a href=\"\/?page_id=240\">contact us<\/a> before sending an inquiry.<\/p>\n\n\t<\/div>\n\n\n\n<div class=\"col-12 col-md-6\">\n\t\t\t\n<div class=\"wp-bootstrap-blocks-button text-center\">\n\t<a\n\t\thref=\"https:\/\/www.vulkangumabelt.com\/upitnik-za-izradu-ponude\/\"\n\t\t\t\t\t\tclass=\"btn mt-5 btn-primary\"\n\t>\n\t\tSend an inquiry\t<\/a>\n<\/div>\n\n\t<\/div>\n\n<\/div>\n","protected":false},"excerpt":{"rendered":"<p>Harmonic conveyor belts Ribbed conveyor belts Embossed conveyor belts [&#8230;]<\/p>\n<p><a class=\"btn btn-secondary understrap-read-more-link\" href=\"https:\/\/www.vulkangumabelt.com\/en\/special-conveyor-belts\/\">Read More&#8230;<\/a><\/p>\n","protected":false},"author":1,"featured_media":0,"parent":0,"menu_order":0,"comment_status":"closed","ping_status":"closed","template":"","meta":{"_acf_changed":false,"_monsterinsights_skip_tracking":false,"_monsterinsights_sitenote_active":false,"_monsterinsights_sitenote_note":"","_monsterinsights_sitenote_category":0,"footnotes":""},"acf":[],"yoast_head":"<!-- This site is optimized with the Yoast SEO plugin v23.5 - https:\/\/yoast.com\/wordpress\/plugins\/seo\/ -->\n<title>Special conveyor belts - Vulkan Guma-Belt - Rubber Company<\/title>\n<meta name=\"robots\" content=\"index, follow, max-snippet:-1, max-image-preview:large, max-video-preview:-1\" \/>\n<link rel=\"canonical\" href=\"https:\/\/www.vulkangumabelt.com\/en\/special-conveyor-belts\/\" \/>\n<meta property=\"og:locale\" content=\"en_US\" \/>\n<meta property=\"og:type\" content=\"article\" \/>\n<meta property=\"og:title\" content=\"Special conveyor belts - Vulkan Guma-Belt - Rubber Company\" \/>\n<meta property=\"og:description\" content=\"Harmonic conveyor belts Ribbed conveyor belts Embossed conveyor belts [...]Read More...\" \/>\n<meta property=\"og:url\" content=\"https:\/\/www.vulkangumabelt.com\/en\/special-conveyor-belts\/\" \/>\n<meta property=\"og:site_name\" content=\"Vulkan Guma-Belt - Rubber Company\" \/>\n<meta property=\"article:modified_time\" content=\"2020-06-03T20:54:22+00:00\" \/>\n<meta property=\"og:image\" content=\"https:\/\/www.vulkangumabelt.com\/wp-content\/uploads\/2020\/04\/harmonikaste-transportne-trake-828x1024.jpg\" \/>\n<meta name=\"twitter:card\" content=\"summary_large_image\" \/>\n<meta name=\"twitter:label1\" content=\"Est. reading time\" \/>\n\t<meta name=\"twitter:data1\" content=\"1 minute\" \/>\n<script type=\"application\/ld+json\" class=\"yoast-schema-graph\">{\"@context\":\"https:\/\/schema.org\",\"@graph\":[{\"@type\":\"WebPage\",\"@id\":\"https:\/\/www.vulkangumabelt.com\/en\/special-conveyor-belts\/\",\"url\":\"https:\/\/www.vulkangumabelt.com\/en\/special-conveyor-belts\/\",\"name\":\"Special conveyor belts - Vulkan Guma-Belt - Rubber Company\",\"isPartOf\":{\"@id\":\"https:\/\/www.vulkangumabelt.com\/en\/#website\"},\"primaryImageOfPage\":{\"@id\":\"https:\/\/www.vulkangumabelt.com\/en\/special-conveyor-belts\/#primaryimage\"},\"image\":{\"@id\":\"https:\/\/www.vulkangumabelt.com\/en\/special-conveyor-belts\/#primaryimage\"},\"thumbnailUrl\":\"https:\/\/www.vulkangumabelt.com\/wp-content\/uploads\/2020\/04\/harmonikaste-transportne-trake-828x1024.jpg\",\"datePublished\":\"2020-06-03T20:54:21+00:00\",\"dateModified\":\"2020-06-03T20:54:22+00:00\",\"breadcrumb\":{\"@id\":\"https:\/\/www.vulkangumabelt.com\/en\/special-conveyor-belts\/#breadcrumb\"},\"inLanguage\":\"en-US\",\"potentialAction\":[{\"@type\":\"ReadAction\",\"target\":[\"https:\/\/www.vulkangumabelt.com\/en\/special-conveyor-belts\/\"]}]},{\"@type\":\"ImageObject\",\"inLanguage\":\"en-US\",\"@id\":\"https:\/\/www.vulkangumabelt.com\/en\/special-conveyor-belts\/#primaryimage\",\"url\":\"https:\/\/www.vulkangumabelt.com\/wp-content\/uploads\/2020\/04\/harmonikaste-transportne-trake-828x1024.jpg\",\"contentUrl\":\"https:\/\/www.vulkangumabelt.com\/wp-content\/uploads\/2020\/04\/harmonikaste-transportne-trake-828x1024.jpg\"},{\"@type\":\"BreadcrumbList\",\"@id\":\"https:\/\/www.vulkangumabelt.com\/en\/special-conveyor-belts\/#breadcrumb\",\"itemListElement\":[{\"@type\":\"ListItem\",\"position\":1,\"name\":\"Po\u010detna\",\"item\":\"https:\/\/www.vulkangumabelt.com\/en\/\"},{\"@type\":\"ListItem\",\"position\":2,\"name\":\"Special conveyor belts\"}]},{\"@type\":\"WebSite\",\"@id\":\"https:\/\/www.vulkangumabelt.com\/en\/#website\",\"url\":\"https:\/\/www.vulkangumabelt.com\/en\/\",\"name\":\"Vulkan Guma-Belt - Rubber Company\",\"description\":\"\u0160TITIMO I PRODU\u017dAVAMO VEK TRAJANJA VA\u0160E TRANSPORTNE TRAKE\",\"publisher\":{\"@id\":\"https:\/\/www.vulkangumabelt.com\/en\/#organization\"},\"potentialAction\":[{\"@type\":\"SearchAction\",\"target\":{\"@type\":\"EntryPoint\",\"urlTemplate\":\"https:\/\/www.vulkangumabelt.com\/en\/?s={search_term_string}\"},\"query-input\":{\"@type\":\"PropertyValueSpecification\",\"valueRequired\":true,\"valueName\":\"search_term_string\"}}],\"inLanguage\":\"en-US\"},{\"@type\":\"Organization\",\"@id\":\"https:\/\/www.vulkangumabelt.com\/en\/#organization\",\"name\":\"Vulkan Guma Belt\",\"url\":\"https:\/\/www.vulkangumabelt.com\/en\/\",\"logo\":{\"@type\":\"ImageObject\",\"inLanguage\":\"en-US\",\"@id\":\"https:\/\/www.vulkangumabelt.com\/en\/#\/schema\/logo\/image\/\",\"url\":\"https:\/\/www.vulkangumabelt.com\/wp-content\/uploads\/2020\/04\/logoe.png\",\"contentUrl\":\"https:\/\/www.vulkangumabelt.com\/wp-content\/uploads\/2020\/04\/logoe.png\",\"width\":503,\"height\":393,\"caption\":\"Vulkan Guma Belt\"},\"image\":{\"@id\":\"https:\/\/www.vulkangumabelt.com\/en\/#\/schema\/logo\/image\/\"}}]}<\/script>\n<!-- \/ Yoast SEO plugin. -->","yoast_head_json":{"title":"Special conveyor belts - Vulkan Guma-Belt - Rubber Company","robots":{"index":"index","follow":"follow","max-snippet":"max-snippet:-1","max-image-preview":"max-image-preview:large","max-video-preview":"max-video-preview:-1"},"canonical":"https:\/\/www.vulkangumabelt.com\/en\/special-conveyor-belts\/","og_locale":"en_US","og_type":"article","og_title":"Special conveyor belts - Vulkan Guma-Belt - Rubber Company","og_description":"Harmonic conveyor belts Ribbed conveyor belts Embossed conveyor belts [...]Read More...","og_url":"https:\/\/www.vulkangumabelt.com\/en\/special-conveyor-belts\/","og_site_name":"Vulkan Guma-Belt - Rubber Company","article_modified_time":"2020-06-03T20:54:22+00:00","og_image":[{"url":"https:\/\/www.vulkangumabelt.com\/wp-content\/uploads\/2020\/04\/harmonikaste-transportne-trake-828x1024.jpg"}],"twitter_card":"summary_large_image","twitter_misc":{"Est. reading time":"1 minute"},"schema":{"@context":"https:\/\/schema.org","@graph":[{"@type":"WebPage","@id":"https:\/\/www.vulkangumabelt.com\/en\/special-conveyor-belts\/","url":"https:\/\/www.vulkangumabelt.com\/en\/special-conveyor-belts\/","name":"Special conveyor belts - Vulkan Guma-Belt - Rubber Company","isPartOf":{"@id":"https:\/\/www.vulkangumabelt.com\/en\/#website"},"primaryImageOfPage":{"@id":"https:\/\/www.vulkangumabelt.com\/en\/special-conveyor-belts\/#primaryimage"},"image":{"@id":"https:\/\/www.vulkangumabelt.com\/en\/special-conveyor-belts\/#primaryimage"},"thumbnailUrl":"https:\/\/www.vulkangumabelt.com\/wp-content\/uploads\/2020\/04\/harmonikaste-transportne-trake-828x1024.jpg","datePublished":"2020-06-03T20:54:21+00:00","dateModified":"2020-06-03T20:54:22+00:00","breadcrumb":{"@id":"https:\/\/www.vulkangumabelt.com\/en\/special-conveyor-belts\/#breadcrumb"},"inLanguage":"en-US","potentialAction":[{"@type":"ReadAction","target":["https:\/\/www.vulkangumabelt.com\/en\/special-conveyor-belts\/"]}]},{"@type":"ImageObject","inLanguage":"en-US","@id":"https:\/\/www.vulkangumabelt.com\/en\/special-conveyor-belts\/#primaryimage","url":"https:\/\/www.vulkangumabelt.com\/wp-content\/uploads\/2020\/04\/harmonikaste-transportne-trake-828x1024.jpg","contentUrl":"https:\/\/www.vulkangumabelt.com\/wp-content\/uploads\/2020\/04\/harmonikaste-transportne-trake-828x1024.jpg"},{"@type":"BreadcrumbList","@id":"https:\/\/www.vulkangumabelt.com\/en\/special-conveyor-belts\/#breadcrumb","itemListElement":[{"@type":"ListItem","position":1,"name":"Po\u010detna","item":"https:\/\/www.vulkangumabelt.com\/en\/"},{"@type":"ListItem","position":2,"name":"Special conveyor belts"}]},{"@type":"WebSite","@id":"https:\/\/www.vulkangumabelt.com\/en\/#website","url":"https:\/\/www.vulkangumabelt.com\/en\/","name":"Vulkan Guma-Belt - Rubber Company","description":"\u0160TITIMO I PRODU\u017dAVAMO VEK TRAJANJA VA\u0160E TRANSPORTNE TRAKE","publisher":{"@id":"https:\/\/www.vulkangumabelt.com\/en\/#organization"},"potentialAction":[{"@type":"SearchAction","target":{"@type":"EntryPoint","urlTemplate":"https:\/\/www.vulkangumabelt.com\/en\/?s={search_term_string}"},"query-input":{"@type":"PropertyValueSpecification","valueRequired":true,"valueName":"search_term_string"}}],"inLanguage":"en-US"},{"@type":"Organization","@id":"https:\/\/www.vulkangumabelt.com\/en\/#organization","name":"Vulkan Guma Belt","url":"https:\/\/www.vulkangumabelt.com\/en\/","logo":{"@type":"ImageObject","inLanguage":"en-US","@id":"https:\/\/www.vulkangumabelt.com\/en\/#\/schema\/logo\/image\/","url":"https:\/\/www.vulkangumabelt.com\/wp-content\/uploads\/2020\/04\/logoe.png","contentUrl":"https:\/\/www.vulkangumabelt.com\/wp-content\/uploads\/2020\/04\/logoe.png","width":503,"height":393,"caption":"Vulkan Guma Belt"},"image":{"@id":"https:\/\/www.vulkangumabelt.com\/en\/#\/schema\/logo\/image\/"}}]}},"_links":{"self":[{"href":"https:\/\/www.vulkangumabelt.com\/en\/wp-json\/wp\/v2\/pages\/693"}],"collection":[{"href":"https:\/\/www.vulkangumabelt.com\/en\/wp-json\/wp\/v2\/pages"}],"about":[{"href":"https:\/\/www.vulkangumabelt.com\/en\/wp-json\/wp\/v2\/types\/page"}],"author":[{"embeddable":true,"href":"https:\/\/www.vulkangumabelt.com\/en\/wp-json\/wp\/v2\/users\/1"}],"replies":[{"embeddable":true,"href":"https:\/\/www.vulkangumabelt.com\/en\/wp-json\/wp\/v2\/comments?post=693"}],"version-history":[{"count":1,"href":"https:\/\/www.vulkangumabelt.com\/en\/wp-json\/wp\/v2\/pages\/693\/revisions"}],"predecessor-version":[{"id":694,"href":"https:\/\/www.vulkangumabelt.com\/en\/wp-json\/wp\/v2\/pages\/693\/revisions\/694"}],"wp:attachment":[{"href":"https:\/\/www.vulkangumabelt.com\/en\/wp-json\/wp\/v2\/media?parent=693"}],"curies":[{"name":"wp","href":"https:\/\/api.w.org\/{rel}","templated":true}]}}