{"id":695,"date":"2020-06-03T23:22:46","date_gmt":"2020-06-03T21:22:46","guid":{"rendered":"https:\/\/www.vulkangumabelt.com\/homepage\/"},"modified":"2020-06-03T23:22:47","modified_gmt":"2020-06-03T21:22:47","slug":"homepage","status":"publish","type":"page","link":"https:\/\/www.vulkangumabelt.com\/en\/","title":{"rendered":"Homepage"},"content":{"rendered":"<div class=\"container-fluid\" id=\"headerSlider\">\n\t<h2 data-aos=\"fade-up\" data-aos-delay=\"500\">We protect and extend the life of your conveyor belt<\/h2>\u201c\n<\/div>\n<div class=\"wp-block-wrapper-block-example-wrapper-block py-5 bg-#626f7c container-fluid\" style=\"background-color:#626f7c;padding:10px;background:url(&quot;data:image\/svg+xml,%3Csvg id='Layer_1' data-name='Layer 1' xmlns='http:\/\/www.w3.org\/2000\/svg' viewBox='0 0 400.5 1000.5'%3E%3Cdefs%3E%3Cstyle%3E.cls-1%7Bfill:%23626f7c;%7D.cls-2%7Bfill:%23fff;%7D%3C\/style%3E%3C\/defs%3E%3Ctitle%3Epozadinasvg2%3C\/title%3E%3Crect class='cls-1' x='0.5' y='0.5' width='400' height='1000'\/%3E%3Cpath class='cls-2' d='M399.5,499.5C200,429,200,562-.5,499.5c1-181,0-500,0-500h400Z' transform='translate(0.5 0.5)'\/%3E%3C\/svg%3E&quot;);background-size:cover;background-repeat:no-repeat;background-position:center center\"><div class=\"container\"><div class=\"wp-bootstrap-blocks-row row\">\n\t\n\n<div class=\"col-12 col-md-12\">\n\t\t\t\n\n<h2 class=\"has-text-align-center text-primary wp-block-heading\">We process rubber<\/h2>\n\n\n<div class=\"wp-bootstrap-blocks-row row\">\n\t\n\n<div class=\"col-12 col-md-6\">\n\t\t\t\n\n<figure class=\"wp-block-image size-large\"><img loading=\"lazy\" decoding=\"async\" width=\"500\" height=\"285\" src=\"https:\/\/www.vulkangumabelt.com\/wp-content\/uploads\/2019\/12\/lokal.png\" alt=\"Vulkan Guma-Belt \/ Rubber Company\" class=\"wp-image-37\" srcset=\"https:\/\/www.vulkangumabelt.com\/wp-content\/uploads\/2019\/12\/lokal.png 500w, https:\/\/www.vulkangumabelt.com\/wp-content\/uploads\/2019\/12\/lokal-300x171.png 300w\" sizes=\"(max-width: 500px) 100vw, 500px\" \/><\/figure>\n\n\t<\/div>\n\n\n\n<div class=\"col-12 col-md-6\">\n\t\t\t\n\n<p>We can proudly say that our company <strong>Vulkan Guma-Belt \/ Rubber Company<\/strong> has a long tradition of making products that are relatively new to the market. We have existed in Srbobran since 1966. year, when Persa and Nikola Kova\u010di\u0107 founded the company, from then until today Vulkan Guma-Belt processes and places on the market quality rubber products of wide application in industry, mining and energy. What distinguishes us from others and what makes us recognizable are the competence of our employees and innovation, a process that never stops at Vulkan Guma-Belt \/ Rubber Company.<\/p>\n\n\n<div class=\"wp-bootstrap-blocks-button\">\n\t<a\n\t\thref=\"https:\/\/www.vulkangumabelt.com\/vulkan-guma-belt\/\"\n\t\t\t\t\t\tclass=\"btn btn-primary\"\n\t>\n\t\tvi\u0161e o nama\t<\/a>\n<\/div>\n\n\t<\/div>\n\n<\/div>\n\n\t<\/div>\n\n<\/div>\n\n\n\n<p><\/p>\n<\/div><\/div>\n\n<div class=\"wp-block-wrapper-block-example-wrapper-block py-5 bg-#aeaeae container-fluid\" style=\"background-color:#aeaeae;padding:10px;background:url(&quot;data:image\/svg+xml,%3Csvg id='Layer_1' data-name='Layer 1' xmlns='http:\/\/www.w3.org\/2000\/svg' viewBox='0 0 400.5 1000.5'%3E%3Cdefs%3E%3Cstyle%3E.cls-1%7Bfill:%23fff;%7D.cls-2%7Bfill:%23626f7c;%7D%3C\/style%3E%3C\/defs%3E%3Ctitle%3Epozadinasvg2%3C\/title%3E%3Crect class='cls-1' x='0.5' y='0.5' width='400' height='1000'\/%3E%3Cpath class='cls-2' d='M399.5,499.5C200,429,200,562-.5,499.5c1-181,0-500,0-500h400Z' transform='translate(0.5 0.5)'\/%3E%3C\/svg%3E&quot;);background-size:cover;background-repeat:no-repeat;background-position:center center\"><div class=\"container\">\t\t<div class='col-md-12 hometitlebox' style='color:#ffffff;'><h2 data-aos='fade-up'>Our products<\/h2><p>All <strong>rubber technical goods<\/strong> that leave the production hall of the company Vulkan Guma-Belt \/ <em>Rubber Company<\/em> are characterized by high quality, which is something that is very important to us and why we obtained the ISO 9001: 2000 certificate in 2002. years. Our products such as rubber <strong>conveyor belts<\/strong>, <strong>conveyor wipers<\/strong>, <strong>conveyor carrier rolls<\/strong>, etc. they are present in many industrial plants, both in Serbia and in the region, and long-term cooperation with the same partners confirms the mentioned quality.<\/p>\n<\/div>\t\t<div class=\"row\">\t\t\t<div class=\"col-sm-6 col-md-3 product-item\" data-aos=\"fade-right\">\n\n\t\t\t\t<figure class=\"box\">\n\t\t\t\t    <img decoding=\"async\" src=\"https:\/\/www.vulkangumabelt.com\/wp-content\/uploads\/2019\/12\/Gumarska-industrija-VULKAN-foto-M-Cirkovic114-300x500.jpg\" alt=\"\" \/>\n\t\t\t\t    <figcaption>\n\t\t\t\t        <h3>SGC<\/h3>\n\t\t\t\t        <p>Products for directing, calming and centering conveyor belts<\/p>\n\t\t\t\t    <\/figcaption>\n\t\t\t\t    <a href=\"https:\/\/www.vulkangumabelt.com\/en\/rubber-program-of-transport-and-protection-of-belt-convertor-systems\/\">SGC<\/a>\n\t\t\t\t<\/figure>\n\t\t\t<\/div>\n\t\t\t\t\t\t<div class=\"col-sm-6 col-md-3 product-item\" data-aos=\"fade-up\">\n\n\t\t\t\t<figure class=\"box\">\n\t\t\t\t    <img decoding=\"async\" src=\"https:\/\/www.vulkangumabelt.com\/wp-content\/uploads\/2020\/02\/SEGMENTNO-OBLAGANJE-POGONSKIH-ZATEZNIH-DOBOsA-1.jpg\" alt=\"SEGMENT-COATING-DRIVE-TENSION-DRUM\" \/>\n\t\t\t\t    <figcaption>\n\t\t\t\t        <h3>Segment coating of drive drums<\/h3>\n\t\t\t\t        <p>Segment coating of drive tension drums on conveyor belt systems<\/p>\n\t\t\t\t    <\/figcaption>\n\t\t\t\t    <a href=\"https:\/\/www.vulkangumabelt.com\/en\/drum-coating-with-hot-vulcanization-and-egments-on-conveyor-belt-systems\/\">Segment coating of drive drums<\/a>\n\t\t\t\t<\/figure>\n\t\t\t<\/div>\n\t\t\t\t\t\t<div class=\"col-sm-6 col-md-3 product-item\" data-aos=\"fade-up\">\n\n\t\t\t\t<figure class=\"box\">\n\t\t\t\t    <img decoding=\"async\" src=\"https:\/\/www.vulkangumabelt.com\/wp-content\/uploads\/2020\/02\/sita-od-gume-pr.jpg\" alt=\"rubber sieves\" \/>\n\t\t\t\t    <figcaption>\n\t\t\t\t        <h3>Rubber sieves and mill liners<\/h3>\n\t\t\t\t        <p>Screening of bulk materials and separation of fractions of different sizes<\/p>\n\t\t\t\t    <\/figcaption>\n\t\t\t\t    <a href=\"https:\/\/www.vulkangumabelt.com\/en\/production-program-for-sieves-of-rubber-and-mill-veneers\/\">Rubber sieves and mill liners<\/a>\n\t\t\t\t<\/figure>\n\t\t\t<\/div>\n\t\t\t\t\t\t<div class=\"col-sm-6 col-md-3 product-item\" data-aos=\"fade-left\">\n\n\t\t\t\t<figure class=\"box\">\n\t\t\t\t    <img decoding=\"async\" src=\"https:\/\/www.vulkangumabelt.com\/wp-content\/uploads\/2020\/02\/gumena-tehnicka-roba-n.jpg\" alt=\"rubber technical goods\" \/>\n\t\t\t\t    <figcaption>\n\t\t\t\t        <h3>Technical rubber merchandise<\/h3>\n\t\t\t\t        <p>Rubberizing of rollers for conveyors, wipers of conveyor belts, etc.<\/p>\n\t\t\t\t    <\/figcaption>\n\t\t\t\t    <a href=\"https:\/\/www.vulkangumabelt.com\/en\/technical-rubber-merchandise\/\">Technical rubber merchandise<\/a>\n\t\t\t\t<\/figure>\n\t\t\t<\/div>\n\t\t\t\t\t<\/div>\n\n<\/div><\/div>\n\n<div class=\"wp-block-wrapper-block-example-wrapper-block py-5 container-fluid\"><div class=\"container\">\n<h2 class=\"has-text-align-center wp-block-heading\">Our products &#8211; certified and patented<\/h2>\n\n\n<div class=\"wp-bootstrap-blocks-row row\">\n\t\n\n<div class=\"col-12 col-md-4 col-lg-4\">\n\t\t\t\n\n<figure class=\"wp-block-image size-large\"><img loading=\"lazy\" decoding=\"async\" width=\"350\" height=\"430\" src=\"https:\/\/www.vulkangumabelt.com\/wp-content\/uploads\/2020\/01\/slika-sa-sucem.png\" alt=\"\" class=\"wp-image-125\" srcset=\"https:\/\/www.vulkangumabelt.com\/wp-content\/uploads\/2020\/01\/slika-sa-sucem.png 350w, https:\/\/www.vulkangumabelt.com\/wp-content\/uploads\/2020\/01\/slika-sa-sucem-244x300.png 244w\" sizes=\"(max-width: 350px) 100vw, 350px\" \/><\/figure>\n\n\t<\/div>\n\n\n\n<div class=\"col-12 col-md-4\">\n\t\t\t\n\n<p>Many years of work on classic transport rubber systems have given us an insight into all its shortcomings, with our own memory and testing in operation, we have managed to create an innovative rubber roll that extends the life of conveyor belts. Under the name <strong><a href=\"https:\/\/www.vulkangumabelt.com\/en\/sgc-suc-spiral-guiding-cleaner\/\">SGC &#8211; SPIRAL GUIDE conveyor belt cleaner<\/a><\/strong>, the new rubber roll is a product protected by a patent on the domestic and international market. At the same time, <strong>SGC<\/strong> performs the operations of <em>rectifiers, cleaners and shock absorbers<\/em>, which makes it unique and why it represents the very top of the offer of the company Vulkan Guma-Belt and its pride. Among our certified products is the <a href=\"https:\/\/www.vulkangumabelt.com\/en\/drum-coating-with-hot-vulcanization-and-egments-on-conveyor-belt-systems\/\">Segment coating of drive tension drums, drums, on conveyor belt systems<\/a>, a product of domestic intelligence and knowledge. There are three ways of segment coating that are practiced in the Vulkan Guma-Belt \/ Rubber company, each of which has its advantages and purposes, which means that this product meets the requirements of various customers.<\/p>\n\n\t<\/div>\n\n\n\n<div class=\"col-12 col-md-4\">\n\t\t\t\n\n<figure class=\"wp-block-image size-large\"><img loading=\"lazy\" decoding=\"async\" width=\"750\" height=\"1024\" src=\"https:\/\/www.vulkangumabelt.com\/wp-content\/uploads\/2020\/01\/sertifikati_03-2-750x1024.png\" alt=\"\" class=\"wp-image-159\" srcset=\"https:\/\/www.vulkangumabelt.com\/wp-content\/uploads\/2020\/01\/sertifikati_03-2-750x1024.png 750w, https:\/\/www.vulkangumabelt.com\/wp-content\/uploads\/2020\/01\/sertifikati_03-2-220x300.png 220w, https:\/\/www.vulkangumabelt.com\/wp-content\/uploads\/2020\/01\/sertifikati_03-2-768x1048.png 768w, https:\/\/www.vulkangumabelt.com\/wp-content\/uploads\/2020\/01\/sertifikati_03-2.png 986w\" sizes=\"(max-width: 750px) 100vw, 750px\" \/><figcaption>Certificates and diplomas<\/figcaption><\/figure>\n\n\t<\/div>\n\n<\/div>\n\n\n\n<p><\/p>\n<\/div><\/div>\n","protected":false},"excerpt":{"rendered":"<p> [&#8230;]<\/p>\n<p><a class=\"btn btn-secondary understrap-read-more-link\" href=\"https:\/\/www.vulkangumabelt.com\/en\/\">Read More&#8230;<\/a><\/p>\n","protected":false},"author":1,"featured_media":0,"parent":0,"menu_order":0,"comment_status":"closed","ping_status":"closed","template":"page-templates\/fullwidthpage.php","meta":{"_acf_changed":false,"_monsterinsights_skip_tracking":false,"_monsterinsights_sitenote_active":false,"_monsterinsights_sitenote_note":"","_monsterinsights_sitenote_category":0,"footnotes":""},"acf":[],"yoast_head":"<!-- This site is optimized with the Yoast SEO plugin v23.5 - https:\/\/yoast.com\/wordpress\/plugins\/seo\/ -->\n<title>Homepage - Vulkan Guma-Belt - Rubber Company<\/title>\n<meta name=\"description\" content=\"Vulkan Guma Belt \/ Rubber Company has a long tradition of making rubber products for wide application in industry, mining and energy. All rubber technical goods that leave ...\" \/>\n<meta name=\"robots\" content=\"index, follow, max-snippet:-1, max-image-preview:large, max-video-preview:-1\" \/>\n<link rel=\"canonical\" href=\"https:\/\/www.vulkangumabelt.com\/en\/\" \/>\n<meta property=\"og:locale\" content=\"en_US\" \/>\n<meta property=\"og:type\" content=\"article\" \/>\n<meta property=\"og:title\" content=\"Homepage - Vulkan Guma-Belt - Rubber Company\" \/>\n<meta property=\"og:description\" content=\"Vulkan Guma Belt \/ Rubber Company has a long tradition of making rubber products for wide application in industry, mining and energy. All rubber technical goods that leave ...\" \/>\n<meta property=\"og:url\" content=\"https:\/\/www.vulkangumabelt.com\/en\/\" \/>\n<meta property=\"og:site_name\" content=\"Vulkan Guma-Belt - Rubber Company\" \/>\n<meta property=\"article:modified_time\" content=\"2020-06-03T21:22:47+00:00\" \/>\n<meta property=\"og:image\" content=\"https:\/\/www.vulkangumabelt.com\/wp-content\/uploads\/2019\/12\/lokal.png\" \/>\n<meta name=\"twitter:card\" content=\"summary_large_image\" \/>\n<meta name=\"twitter:label1\" content=\"Est. reading time\" \/>\n\t<meta name=\"twitter:data1\" content=\"1 minute\" \/>\n<script type=\"application\/ld+json\" class=\"yoast-schema-graph\">{\"@context\":\"https:\/\/schema.org\",\"@graph\":[{\"@type\":\"WebPage\",\"@id\":\"https:\/\/www.vulkangumabelt.com\/en\/\",\"url\":\"https:\/\/www.vulkangumabelt.com\/en\/\",\"name\":\"Homepage - Vulkan Guma-Belt - Rubber Company\",\"isPartOf\":{\"@id\":\"https:\/\/www.vulkangumabelt.com\/en\/#website\"},\"primaryImageOfPage\":{\"@id\":\"https:\/\/www.vulkangumabelt.com\/en\/#primaryimage\"},\"image\":{\"@id\":\"https:\/\/www.vulkangumabelt.com\/en\/#primaryimage\"},\"thumbnailUrl\":\"https:\/\/www.vulkangumabelt.com\/wp-content\/uploads\/2019\/12\/lokal.png\",\"datePublished\":\"2020-06-03T21:22:46+00:00\",\"dateModified\":\"2020-06-03T21:22:47+00:00\",\"description\":\"Vulkan Guma Belt \/ Rubber Company has a long tradition of making rubber products for wide application in industry, mining and energy. All rubber technical goods that leave ...\",\"breadcrumb\":{\"@id\":\"https:\/\/www.vulkangumabelt.com\/en\/#breadcrumb\"},\"inLanguage\":\"en-US\",\"potentialAction\":[{\"@type\":\"ReadAction\",\"target\":[\"https:\/\/www.vulkangumabelt.com\/en\/\"]}]},{\"@type\":\"ImageObject\",\"inLanguage\":\"en-US\",\"@id\":\"https:\/\/www.vulkangumabelt.com\/en\/#primaryimage\",\"url\":\"https:\/\/www.vulkangumabelt.com\/wp-content\/uploads\/2019\/12\/lokal.png\",\"contentUrl\":\"https:\/\/www.vulkangumabelt.com\/wp-content\/uploads\/2019\/12\/lokal.png\"},{\"@type\":\"BreadcrumbList\",\"@id\":\"https:\/\/www.vulkangumabelt.com\/en\/#breadcrumb\",\"itemListElement\":[{\"@type\":\"ListItem\",\"position\":1,\"name\":\"Po\u010detna\",\"item\":\"https:\/\/www.vulkangumabelt.com\/en\/\"},{\"@type\":\"ListItem\",\"position\":2,\"name\":\"Homepage\"}]},{\"@type\":\"WebSite\",\"@id\":\"https:\/\/www.vulkangumabelt.com\/en\/#website\",\"url\":\"https:\/\/www.vulkangumabelt.com\/en\/\",\"name\":\"Vulkan Guma-Belt - Rubber Company\",\"description\":\"\u0160TITIMO I PRODU\u017dAVAMO VEK TRAJANJA VA\u0160E TRANSPORTNE TRAKE\",\"publisher\":{\"@id\":\"https:\/\/www.vulkangumabelt.com\/en\/#organization\"},\"potentialAction\":[{\"@type\":\"SearchAction\",\"target\":{\"@type\":\"EntryPoint\",\"urlTemplate\":\"https:\/\/www.vulkangumabelt.com\/en\/?s={search_term_string}\"},\"query-input\":{\"@type\":\"PropertyValueSpecification\",\"valueRequired\":true,\"valueName\":\"search_term_string\"}}],\"inLanguage\":\"en-US\"},{\"@type\":\"Organization\",\"@id\":\"https:\/\/www.vulkangumabelt.com\/en\/#organization\",\"name\":\"Vulkan Guma Belt\",\"url\":\"https:\/\/www.vulkangumabelt.com\/en\/\",\"logo\":{\"@type\":\"ImageObject\",\"inLanguage\":\"en-US\",\"@id\":\"https:\/\/www.vulkangumabelt.com\/en\/#\/schema\/logo\/image\/\",\"url\":\"https:\/\/www.vulkangumabelt.com\/wp-content\/uploads\/2020\/04\/logoe.png\",\"contentUrl\":\"https:\/\/www.vulkangumabelt.com\/wp-content\/uploads\/2020\/04\/logoe.png\",\"width\":503,\"height\":393,\"caption\":\"Vulkan Guma Belt\"},\"image\":{\"@id\":\"https:\/\/www.vulkangumabelt.com\/en\/#\/schema\/logo\/image\/\"}}]}<\/script>\n<!-- \/ Yoast SEO plugin. -->","yoast_head_json":{"title":"Homepage - Vulkan Guma-Belt - Rubber Company","description":"Vulkan Guma Belt \/ Rubber Company has a long tradition of making rubber products for wide application in industry, mining and energy. All rubber technical goods that leave ...","robots":{"index":"index","follow":"follow","max-snippet":"max-snippet:-1","max-image-preview":"max-image-preview:large","max-video-preview":"max-video-preview:-1"},"canonical":"https:\/\/www.vulkangumabelt.com\/en\/","og_locale":"en_US","og_type":"article","og_title":"Homepage - Vulkan Guma-Belt - Rubber Company","og_description":"Vulkan Guma Belt \/ Rubber Company has a long tradition of making rubber products for wide application in industry, mining and energy. All rubber technical goods that leave ...","og_url":"https:\/\/www.vulkangumabelt.com\/en\/","og_site_name":"Vulkan Guma-Belt - Rubber Company","article_modified_time":"2020-06-03T21:22:47+00:00","og_image":[{"url":"https:\/\/www.vulkangumabelt.com\/wp-content\/uploads\/2019\/12\/lokal.png"}],"twitter_card":"summary_large_image","twitter_misc":{"Est. reading time":"1 minute"},"schema":{"@context":"https:\/\/schema.org","@graph":[{"@type":"WebPage","@id":"https:\/\/www.vulkangumabelt.com\/en\/","url":"https:\/\/www.vulkangumabelt.com\/en\/","name":"Homepage - Vulkan Guma-Belt - Rubber Company","isPartOf":{"@id":"https:\/\/www.vulkangumabelt.com\/en\/#website"},"primaryImageOfPage":{"@id":"https:\/\/www.vulkangumabelt.com\/en\/#primaryimage"},"image":{"@id":"https:\/\/www.vulkangumabelt.com\/en\/#primaryimage"},"thumbnailUrl":"https:\/\/www.vulkangumabelt.com\/wp-content\/uploads\/2019\/12\/lokal.png","datePublished":"2020-06-03T21:22:46+00:00","dateModified":"2020-06-03T21:22:47+00:00","description":"Vulkan Guma Belt \/ Rubber Company has a long tradition of making rubber products for wide application in industry, mining and energy. All rubber technical goods that leave ...","breadcrumb":{"@id":"https:\/\/www.vulkangumabelt.com\/en\/#breadcrumb"},"inLanguage":"en-US","potentialAction":[{"@type":"ReadAction","target":["https:\/\/www.vulkangumabelt.com\/en\/"]}]},{"@type":"ImageObject","inLanguage":"en-US","@id":"https:\/\/www.vulkangumabelt.com\/en\/#primaryimage","url":"https:\/\/www.vulkangumabelt.com\/wp-content\/uploads\/2019\/12\/lokal.png","contentUrl":"https:\/\/www.vulkangumabelt.com\/wp-content\/uploads\/2019\/12\/lokal.png"},{"@type":"BreadcrumbList","@id":"https:\/\/www.vulkangumabelt.com\/en\/#breadcrumb","itemListElement":[{"@type":"ListItem","position":1,"name":"Po\u010detna","item":"https:\/\/www.vulkangumabelt.com\/en\/"},{"@type":"ListItem","position":2,"name":"Homepage"}]},{"@type":"WebSite","@id":"https:\/\/www.vulkangumabelt.com\/en\/#website","url":"https:\/\/www.vulkangumabelt.com\/en\/","name":"Vulkan Guma-Belt - Rubber Company","description":"\u0160TITIMO I PRODU\u017dAVAMO VEK TRAJANJA VA\u0160E TRANSPORTNE TRAKE","publisher":{"@id":"https:\/\/www.vulkangumabelt.com\/en\/#organization"},"potentialAction":[{"@type":"SearchAction","target":{"@type":"EntryPoint","urlTemplate":"https:\/\/www.vulkangumabelt.com\/en\/?s={search_term_string}"},"query-input":{"@type":"PropertyValueSpecification","valueRequired":true,"valueName":"search_term_string"}}],"inLanguage":"en-US"},{"@type":"Organization","@id":"https:\/\/www.vulkangumabelt.com\/en\/#organization","name":"Vulkan Guma Belt","url":"https:\/\/www.vulkangumabelt.com\/en\/","logo":{"@type":"ImageObject","inLanguage":"en-US","@id":"https:\/\/www.vulkangumabelt.com\/en\/#\/schema\/logo\/image\/","url":"https:\/\/www.vulkangumabelt.com\/wp-content\/uploads\/2020\/04\/logoe.png","contentUrl":"https:\/\/www.vulkangumabelt.com\/wp-content\/uploads\/2020\/04\/logoe.png","width":503,"height":393,"caption":"Vulkan Guma Belt"},"image":{"@id":"https:\/\/www.vulkangumabelt.com\/en\/#\/schema\/logo\/image\/"}}]}},"_links":{"self":[{"href":"https:\/\/www.vulkangumabelt.com\/en\/wp-json\/wp\/v2\/pages\/695"}],"collection":[{"href":"https:\/\/www.vulkangumabelt.com\/en\/wp-json\/wp\/v2\/pages"}],"about":[{"href":"https:\/\/www.vulkangumabelt.com\/en\/wp-json\/wp\/v2\/types\/page"}],"author":[{"embeddable":true,"href":"https:\/\/www.vulkangumabelt.com\/en\/wp-json\/wp\/v2\/users\/1"}],"replies":[{"embeddable":true,"href":"https:\/\/www.vulkangumabelt.com\/en\/wp-json\/wp\/v2\/comments?post=695"}],"version-history":[{"count":1,"href":"https:\/\/www.vulkangumabelt.com\/en\/wp-json\/wp\/v2\/pages\/695\/revisions"}],"predecessor-version":[{"id":696,"href":"https:\/\/www.vulkangumabelt.com\/en\/wp-json\/wp\/v2\/pages\/695\/revisions\/696"}],"wp:attachment":[{"href":"https:\/\/www.vulkangumabelt.com\/en\/wp-json\/wp\/v2\/media?parent=695"}],"curies":[{"name":"wp","href":"https:\/\/api.w.org\/{rel}","templated":true}]}}